{"id":989,"date":"2019-05-08T10:48:41","date_gmt":"2019-05-08T10:48:41","guid":{"rendered":"https:\/\/papyro.com\/dev\/?page_id=989"},"modified":"2019-05-08T22:44:15","modified_gmt":"2019-05-08T22:44:15","slug":"poseydon","status":"publish","type":"page","link":"https:\/\/papyro.com\/home\/poseydon\/","title":{"rendered":"Poseydon"},"content":{"rendered":"<div class=\"wpb-content-wrapper\"><p>[vc_row][vc_column][vc_custom_heading text=&#8221;Poseydon &#8211; Manejo integral de importaci\u00f3n y exportaci\u00f3n de papel&#8221; use_theme_fonts=&#8221;yes&#8221; css_animation=&#8221;fadeIn&#8221;][vc_empty_space height=&#8221;60px&#8221; hide_on_desktop=&#8221;&#8221; hide_on_notebook=&#8221;&#8221; hide_on_tablet=&#8221;&#8221; hide_on_mobile=&#8221;&#8221;][vc_column_text]<big><strong>Poseydon<\/strong> es un completo sistema que permite el seguimiento detallado y control de exportaciones e importaciones de cualquier tipo de productos. Mantiene el registro de sus clientes y de los movimientos realizados, permitiendo llevar adelante un completo control administrativo. Por otra parte, est\u00e1 dise\u00f1ado como un sistema completamente configurable, lo cual le permite adaptarse a cualquier tipo de empresa importadora y exportadora.<\/big><\/p>\n<p><big>Si est\u00e1 interesado en este desarrollo, cont\u00e1ctenos! Nos complacer\u00e1 brindarle m\u00e1s informaci\u00f3n.<\/big>[\/vc_column_text][vc_empty_space height=&#8221;60px&#8221; hide_on_desktop=&#8221;&#8221; hide_on_notebook=&#8221;&#8221; hide_on_tablet=&#8221;&#8221; hide_on_mobile=&#8221;&#8221;][vc_single_image image=&#8221;1016&#8243; img_size=&#8221;large&#8221;][vc_empty_space height=&#8221;60px&#8221; alter_height=&#8221;small&#8221; hide_on_desktop=&#8221;&#8221; hide_on_notebook=&#8221;&#8221; hide_on_tablet=&#8221;&#8221; hide_on_mobile=&#8221;&#8221;][\/vc_column][\/vc_row]<\/p>\n<\/div>","protected":false},"excerpt":{"rendered":"<p>[vc_row][vc_column][vc_custom_heading text=&#8221;Poseydon &#8211; Manejo integral de importaci\u00f3n y exportaci\u00f3n de papel&#8221; use_theme_fonts=&#8221;yes&#8221; css_animation=&#8221;fadeIn&#8221;][vc_empty_space height=&#8221;60px&#8221; hide_on_desktop=&#8221;&#8221; hide_on_notebook=&#8221;&#8221; hide_on_tablet=&#8221;&#8221; hide_on_mobile=&#8221;&#8221;][vc_column_text]Poseydon es un completo sistema que permite&hellip;<\/p>\n","protected":false},"author":5,"featured_media":0,"parent":0,"menu_order":0,"comment_status":"closed","ping_status":"closed","template":"","meta":{"footnotes":""},"class_list":["post-989","page","type-page","status-publish","hentry"],"_links":{"self":[{"href":"https:\/\/papyro.com\/home\/wp-json\/wp\/v2\/pages\/989","targetHints":{"allow":["GET"]}}],"collection":[{"href":"https:\/\/papyro.com\/home\/wp-json\/wp\/v2\/pages"}],"about":[{"href":"https:\/\/papyro.com\/home\/wp-json\/wp\/v2\/types\/page"}],"author":[{"embeddable":true,"href":"https:\/\/papyro.com\/home\/wp-json\/wp\/v2\/users\/5"}],"replies":[{"embeddable":true,"href":"https:\/\/papyro.com\/home\/wp-json\/wp\/v2\/comments?post=989"}],"version-history":[{"count":2,"href":"https:\/\/papyro.com\/home\/wp-json\/wp\/v2\/pages\/989\/revisions"}],"predecessor-version":[{"id":1017,"href":"https:\/\/papyro.com\/home\/wp-json\/wp\/v2\/pages\/989\/revisions\/1017"}],"wp:attachment":[{"href":"https:\/\/papyro.com\/home\/wp-json\/wp\/v2\/media?parent=989"}],"curies":[{"name":"wp","href":"https:\/\/api.w.org\/{rel}","templated":true}]}}