{"id":987,"date":"2019-05-08T10:47:18","date_gmt":"2019-05-08T10:47:18","guid":{"rendered":"https:\/\/papyro.com\/dev\/?page_id=987"},"modified":"2019-05-08T22:35:46","modified_gmt":"2019-05-08T22:35:46","slug":"procusto-pharma","status":"publish","type":"page","link":"https:\/\/papyro.com\/home\/procusto-pharma\/","title":{"rendered":"Procusto Pharma"},"content":{"rendered":"<div class=\"wpb-content-wrapper\"><p>[vc_row][vc_column][vc_custom_heading text=&#8221;Procusto Pharma &#8211; La soluci\u00f3n de avanzada para la programaci\u00f3n, planificaci\u00f3n y seguimiento de la producci\u00f3n en laboratorios farmac\u00e9uticos&#8221; use_theme_fonts=&#8221;yes&#8221; css_animation=&#8221;fadeIn&#8221;][vc_empty_space height=&#8221;60px&#8221; hide_on_desktop=&#8221;&#8221; hide_on_notebook=&#8221;&#8221; hide_on_tablet=&#8221;&#8221; hide_on_mobile=&#8221;&#8221;][vc_column_text]<big><strong>Procusto<\/strong> es una herramienta general para la resoluci\u00f3n de problemas de planificaci\u00f3n de largo plazo (planning) y programaci\u00f3n de corto plazo (scheduling) en entornos productivos. Cuenta con modernos procedimientos de resoluci\u00f3n, que han sido desarrollados especialmente para este sistema y han demostrado su eficacia en casos de uso reales. Por otra parte, el m\u00f3dulo de seguimiento de la producci\u00f3n permite llevar un registro en tiempo real del estado de la planta, integrando as\u00ed las herramientas de programaci\u00f3n con la producci\u00f3n efectiva.<\/big><\/p>\n<p><big><strong>Procusto Pharma<\/strong> es una versi\u00f3n de <strong>Procusto<\/strong> especialmente adaptada a la problem\u00e1tica de laboratorios medicinales. Incluye caracter\u00edsticas de planificaci\u00f3n de largo plazo y de programaci\u00f3n de corto plazo que lo convierten en un aliado fundamental para el equipo de programadores de la producci\u00f3n. Genera autom\u00e1ticamente el programa de compras de insumos, de acuerdo con la pol\u00edtica de compras establecida por la empresa, alimentando a los sistemas de gesti\u00f3n administrativa en forma transparente a los usuarios.<\/big><\/p>\n<p><big>Permite representar todos los datos relevantes para este tipo de industrias: f\u00f3rmulas para los productos, secuencias de producci\u00f3n, art\u00edculos intermedios, herramentales y m\u00e1quinas productivas. Contempla todos los tipos de productos de esta industria: productos farmac\u00e9uticos, ampollas, cremas, jarabes y alimentos. F\u00e1cil de usar y con interfaces sencillas e intuitivas, <strong>Procusto Pharma<\/strong> informatiza las decisiones de programaci\u00f3n.<\/big>[\/vc_column_text][\/vc_column][\/vc_row][vc_row][vc_column][vc_custom_heading text=&#8221;Planificaci\u00f3n de largo plazo&#8221; use_theme_fonts=&#8221;yes&#8221; css_animation=&#8221;fadeIn&#8221;][vc_empty_space height=&#8221;60px&#8221; hide_on_desktop=&#8221;&#8221; hide_on_notebook=&#8221;&#8221; hide_on_tablet=&#8221;&#8221; hide_on_mobile=&#8221;&#8221;][vc_column_text]<big>El m\u00f3dulo de planificaci\u00f3n de largo plazo de <strong>Procusto Pharma<\/strong> permite optimizar las decisiones de fabricaci\u00f3n mensuales, bajo horizontes de planificaci\u00f3n de 12, 18, 24 o m\u00e1s meses. En funci\u00f3n de la demanda proyectada de cada producto, <strong>Procusto Pharma<\/strong> genera autom\u00e1ticamente el plan de producci\u00f3n mensual, teniendo en cuenta:<\/big><\/p>\n<ul>\n<li><big>per\u00edodos de producci\u00f3n<\/big><\/li>\n<li><big>vencimientos de productos<\/big><\/li>\n<li><big>stocks de seguridad<\/big><\/li>\n<li><big>dependencias entre productos<\/big><\/li>\n<li><big>fabricaciones con procesos continuos<\/big><\/li>\n<li><big>vacaciones y paradas por mantenimiento<\/big><\/li>\n<\/ul>\n<p><big><strong>Procusto Pharma<\/strong> incluye una gran variedad de par\u00e1metros productivos adicionales, de maneral tal que el plan de producci\u00f3n se pueda ajustar a sus necesidades.<\/big><\/p>\n<p><big>Por otra parte, <strong>Procusto Pharma<\/strong> genera autom\u00e1ticamente la planificaci\u00f3n de las compras de insumos, de manera tal que los stocks nunca caigan por debajo de los l\u00edmites establecidos, y respetando la pol\u00edtica de compras determinada para cada insumo. Permite realizar an\u00e1lisis ABC para determinar la pol\u00edtica de compras, interactuando con los sistemas de gesti\u00f3n administrativa para emitir las \u00f3rdenes de compra necesarias mes por mes.<\/big>[\/vc_column_text][\/vc_column][\/vc_row][vc_row][vc_column][vc_custom_heading text=&#8221;Programaci\u00f3n de corto plazo&#8221; use_theme_fonts=&#8221;yes&#8221; css_animation=&#8221;fadeIn&#8221;][vc_column_text]<big>El m\u00f3dulo de programaci\u00f3n de corto plazo de Procusto Pharma permite realizar autom\u00e1ticamente la programaci\u00f3n de la producci\u00f3n hora por hora de todas las m\u00e1quinas o centros productivos. Procusto se convierte as\u00ed en su aliado a la hora de coordinar las agendas de todos los equipos de trabajo!<\/big><\/p>\n<p><big>El equipo de programaci\u00f3n de la producci\u00f3n s\u00f3lo debe informarle a Procusto Pharma qu\u00e9 \u00f3rdenes de producci\u00f3n desea programar (que se pueden obtener del plan de producci\u00f3n mensual, provenir de otros sistemas, o cargarse manualmente), y el m\u00f3dulo de optimizaci\u00f3n de Procusto se encarga de determinar el mejor programa de producci\u00f3n, teniendo en cuenta:<\/big><\/p>\n<ul>\n<li><big>velocidades de producci\u00f3n<\/big><\/li>\n<li><big>tiempos de setup<\/big><\/li>\n<li><big>tiempos de cuarentena y an\u00e1lisis de calidad<\/big><\/li>\n<li><big>dependencias entre productos<\/big><\/li>\n<li><big>stock de los insumos<\/big><\/li>\n<li><big>entregas programadas de insumos<\/big><\/li>\n<li><big>horarios de los equipos de trabajo<\/big><\/li>\n<li><big>detenciones programadas de las m\u00e1quinas<\/big><\/li>\n<\/ul>\n<p><big>El programa obtenido se puede editar y reprogramar: Procusto Pharma y los programadores de la producci\u00f3n forman un s\u00f3lo equipo! Una vez determinado el programa de producci\u00f3n oficial, Procusto Pharma permite informar este programa a los distintos sectores, mediante interfaces de consulta adecuadas a los requerimientos de cada centro de costos.<\/big><\/p>\n<p><big>Aumente la productividad y mejore la coordinaci\u00f3n entre sectores. Tenga la mejor capacidad de respuesta ante imprevistos con el m\u00f3dulo de programaci\u00f3n de corto plazo de Procusto Pharma. Cont\u00e1ctenos, y conozca c\u00f3mo puede ayudarlo la introducci\u00f3n de la optimizaci\u00f3n en la toma de decisiones productivas!<\/big>[\/vc_column_text][vc_empty_space height=&#8221;40px&#8221; alter_height=&#8221;small&#8221; hide_on_desktop=&#8221;&#8221; hide_on_notebook=&#8221;&#8221; hide_on_tablet=&#8221;&#8221; hide_on_mobile=&#8221;&#8221;][\/vc_column][\/vc_row]<\/p>\n<\/div>","protected":false},"excerpt":{"rendered":"<p>[vc_row][vc_column][vc_custom_heading text=&#8221;Procusto Pharma &#8211; La soluci\u00f3n de avanzada para la programaci\u00f3n, planificaci\u00f3n y seguimiento de la producci\u00f3n en laboratorios farmac\u00e9uticos&#8221; use_theme_fonts=&#8221;yes&#8221; css_animation=&#8221;fadeIn&#8221;][vc_empty_space height=&#8221;60px&#8221; hide_on_desktop=&#8221;&#8221;&hellip;<\/p>\n","protected":false},"author":5,"featured_media":0,"parent":0,"menu_order":0,"comment_status":"closed","ping_status":"closed","template":"","meta":{"footnotes":""},"class_list":["post-987","page","type-page","status-publish","hentry"],"_links":{"self":[{"href":"https:\/\/papyro.com\/home\/wp-json\/wp\/v2\/pages\/987","targetHints":{"allow":["GET"]}}],"collection":[{"href":"https:\/\/papyro.com\/home\/wp-json\/wp\/v2\/pages"}],"about":[{"href":"https:\/\/papyro.com\/home\/wp-json\/wp\/v2\/types\/page"}],"author":[{"embeddable":true,"href":"https:\/\/papyro.com\/home\/wp-json\/wp\/v2\/users\/5"}],"replies":[{"embeddable":true,"href":"https:\/\/papyro.com\/home\/wp-json\/wp\/v2\/comments?post=987"}],"version-history":[{"count":2,"href":"https:\/\/papyro.com\/home\/wp-json\/wp\/v2\/pages\/987\/revisions"}],"predecessor-version":[{"id":1015,"href":"https:\/\/papyro.com\/home\/wp-json\/wp\/v2\/pages\/987\/revisions\/1015"}],"wp:attachment":[{"href":"https:\/\/papyro.com\/home\/wp-json\/wp\/v2\/media?parent=987"}],"curies":[{"name":"wp","href":"https:\/\/api.w.org\/{rel}","templated":true}]}}