{"id":985,"date":"2019-05-08T10:46:05","date_gmt":"2019-05-08T10:46:05","guid":{"rendered":"https:\/\/papyro.com\/dev\/?page_id=985"},"modified":"2019-05-08T22:11:05","modified_gmt":"2019-05-08T22:11:05","slug":"sabvia","status":"publish","type":"page","link":"https:\/\/papyro.com\/home\/sabvia\/","title":{"rendered":"Sabvia"},"content":{"rendered":"<div class=\"wpb-content-wrapper\"><p>[vc_row][vc_column][vc_custom_heading text=&#8221;Sabvia &#8211; La soluci\u00f3n de avanzada para la planificaci\u00f3n t\u00e1ctica y estrat\u00e9gica de plantaciones forestales y abastecimiento de madera a plantas industriales&#8221; use_theme_fonts=&#8221;yes&#8221; css_animation=&#8221;fadeIn&#8221;][vc_empty_space height=&#8221;60px&#8221; hide_on_desktop=&#8221;&#8221; hide_on_notebook=&#8221;&#8221; hide_on_tablet=&#8221;&#8221; hide_on_mobile=&#8221;&#8221;][vc_column_text]<big>M\u00e1s del 50% de las producciones forestales de la Argentina est\u00e1n planificadas con <strong>Sabvia<\/strong>, nuestra potente herramienta para la planificaci\u00f3n forestal a largo y corto plazo.<\/big><\/p>\n<ul>\n<li><big><strong>Sabvia<\/strong> contempla las relaciones entre valores f\u00edsicos y econ\u00f3micos de las plantaciones, y la interrelaci\u00f3n entre corto, mediano y largo plazo. Permite evaluar el efecto de medidas gubernamentales, ordenamiento ambiental, parques nacionales, etc.<\/big><\/li>\n<li><big><strong>Sabvia<\/strong> es su mejor aliado a la hora de manejar datos (cantidad de hect\u00e1reas y plantaciones existentes, rendimiento bajo distintos tratamientos silviculturales, costos de plantaci\u00f3n y de aprovechamiento, demandas industriales regionalizadas, costos de transporte, tratamientos impositivos y subsidios, etc.).<\/big><\/li>\n<li><big><strong>Sabvia<\/strong> sugiere decisiones seg\u00fan las necesidades de venta de raleo, poda, tala, rebrote, compraventa de madera y abastecimiento presente y futuro. Est\u00e1 orientado por la optimizaci\u00f3n a largo plazo del valor de las plantaciones o por la minimizaci\u00f3n de los costos industriales.<\/big><\/li>\n<li><big><strong>Sabvia<\/strong> puede interrelacionarse con GIS, permitiendo observar los datos y resultados georreferenciados.<\/big><\/li>\n<\/ul>\n<p><big><strong>Sabvia<\/strong> proporciona informaci\u00f3n ordenada y clasificada para una condici\u00f3n competitiva superior. Es la herramienta indispensable para comprender el desarrollo de su contexto forestoindustrial al momento de plantear estrategias o realizar negociaciones. Cont\u00e1ctenos para analizar la mejor aplicaci\u00f3n de <strong>Sabvia<\/strong> en su empresa y su cuenca de abastecimiento.<\/big>[\/vc_column_text][vc_empty_space height=&#8221;60px&#8221; hide_on_desktop=&#8221;&#8221; hide_on_notebook=&#8221;&#8221; hide_on_tablet=&#8221;&#8221; hide_on_mobile=&#8221;&#8221;][vc_single_image image=&#8221;1011&#8243; img_size=&#8221;large&#8221;][\/vc_column][\/vc_row][vc_row][vc_column][vc_custom_heading text=&#8221;Sabvia presente en un Congreso Internacional!&#8221; use_theme_fonts=&#8221;yes&#8221; css_animation=&#8221;fadeIn&#8221;][vc_column_text]<big>Nos alegra anunciar que la aplicaci\u00f3n de Sabvia al sector forestal de la <a href=\"https:\/\/www.corrientes.gov.ar\/\">Provincia de Corrientes<\/a> (Argentina), fue presentada por Gustavo Braier en la sesi\u00f3n &#8220;Forestry Management&#8221; en el ALIO\/INFORMS Joint International Meeting, realizado en Buenos Aires en 2010. Por su parte, la aplicaci\u00f3n de Sabvia al sector azucarero en <a href=\"https:\/\/www.ledesma.com.ar\/\">Ledesma SAAI<\/a> fue presentada por Dar\u00edo Guzik en la sesi\u00f3n &#8220;Operations Research Applications II&#8221; del mismo congreso.<\/big>[\/vc_column_text][vc_empty_space height=&#8221;50&#8243; alter_height=&#8221;small&#8221; hide_on_desktop=&#8221;&#8221; hide_on_notebook=&#8221;&#8221; hide_on_tablet=&#8221;&#8221; hide_on_mobile=&#8221;&#8221;][vc_single_image image=&#8221;1012&#8243; img_size=&#8221;large&#8221;][vc_empty_space height=&#8221;60px&#8221; alter_height=&#8221;small&#8221; hide_on_desktop=&#8221;&#8221; hide_on_notebook=&#8221;&#8221; hide_on_tablet=&#8221;&#8221; hide_on_mobile=&#8221;&#8221;][\/vc_column][\/vc_row]<\/p>\n<\/div>","protected":false},"excerpt":{"rendered":"<p>[vc_row][vc_column][vc_custom_heading text=&#8221;Sabvia &#8211; La soluci\u00f3n de avanzada para la planificaci\u00f3n t\u00e1ctica y estrat\u00e9gica de plantaciones forestales y abastecimiento de madera a plantas industriales&#8221; use_theme_fonts=&#8221;yes&#8221;&hellip;<\/p>\n","protected":false},"author":5,"featured_media":0,"parent":0,"menu_order":0,"comment_status":"closed","ping_status":"closed","template":"","meta":{"footnotes":""},"class_list":["post-985","page","type-page","status-publish","hentry"],"_links":{"self":[{"href":"https:\/\/papyro.com\/home\/wp-json\/wp\/v2\/pages\/985","targetHints":{"allow":["GET"]}}],"collection":[{"href":"https:\/\/papyro.com\/home\/wp-json\/wp\/v2\/pages"}],"about":[{"href":"https:\/\/papyro.com\/home\/wp-json\/wp\/v2\/types\/page"}],"author":[{"embeddable":true,"href":"https:\/\/papyro.com\/home\/wp-json\/wp\/v2\/users\/5"}],"replies":[{"embeddable":true,"href":"https:\/\/papyro.com\/home\/wp-json\/wp\/v2\/comments?post=985"}],"version-history":[{"count":3,"href":"https:\/\/papyro.com\/home\/wp-json\/wp\/v2\/pages\/985\/revisions"}],"predecessor-version":[{"id":1014,"href":"https:\/\/papyro.com\/home\/wp-json\/wp\/v2\/pages\/985\/revisions\/1014"}],"wp:attachment":[{"href":"https:\/\/papyro.com\/home\/wp-json\/wp\/v2\/media?parent=985"}],"curies":[{"name":"wp","href":"https:\/\/api.w.org\/{rel}","templated":true}]}}