{"id":983,"date":"2019-05-08T10:44:51","date_gmt":"2019-05-08T10:44:51","guid":{"rendered":"https:\/\/papyro.com\/dev\/?page_id=983"},"modified":"2019-05-08T18:55:42","modified_gmt":"2019-05-08T18:55:42","slug":"prometeo","status":"publish","type":"page","link":"https:\/\/papyro.com\/home\/prometeo\/","title":{"rendered":"Prometeo"},"content":{"rendered":"<div class=\"wpb-content-wrapper\"><p>[vc_row][vc_column][vc_custom_heading text=&#8221;Prometeo &#8211; La soluci\u00f3n de avanzada para la planificaci\u00f3n de la producci\u00f3n, empaque y operaciones log\u00edsticas de productos a granel&#8221; use_theme_fonts=&#8221;yes&#8221; css_animation=&#8221;fadeIn&#8221;][vc_empty_space height=&#8221;60px&#8221; hide_on_desktop=&#8221;&#8221; hide_on_notebook=&#8221;&#8221; hide_on_tablet=&#8221;&#8221; hide_on_mobile=&#8221;&#8221;][vc_column_text]<big><strong>Prometeo<\/strong> es uno de nuestros \u00faltimos desarrollos, para la planificaci\u00f3n de la producci\u00f3n, empaque y operaciones log\u00edsticas de productos a granel. Permite automatizar la toma de decisiones con nivel de detalle semanal, quincenal o mensual sobre un horizonte de planificaci\u00f3n de varios meses.<\/big><\/p>\n<p><big><strong>Prometeo<\/strong> se encuentra implementado sobre nuestra exclusiva plataforma Esquema <strong>Prometeo<\/strong>, que permite la personalizaci\u00f3n de las caracter\u00edsticas de la aplicaci\u00f3n, as\u00ed como del modelo de optimizaci\u00f3n que representa las decisiones. De esta forma, <strong>Prometeo<\/strong> es un producto totalmente configurable a las necesidades de cada situaci\u00f3n productiva y log\u00edstica particular. Se trata de un desarrollo abierto que puede ser configurado a medida, de manera tal de representar exactamente la situaci\u00f3n de la empresa o sector que lo adopte.<\/big><\/p>\n<p><big>El motor de optimizaci\u00f3n de <strong>Prometeo<\/strong> est\u00e1 basado en la formulaci\u00f3n y resoluci\u00f3n de un modelo de programaci\u00f3n lineal de flujo en redes multi-per\u00edodo y multi-commodity con stocks intermedios. En los desarrollos que se encuentran actualmente instalados en los equipos de nuestros clientes, hemos verificado que <strong>Prometeo<\/strong> puede modelar y resolver exitosamente modelos de muy gran escala, permitiendo as\u00ed incluir en el modelo de optimizaci\u00f3n el nivel de detalle necesario de acuerdo con las necesidades de la planificaci\u00f3n.<\/big><\/p>\n<p><big><strong>Prometeo<\/strong> incluye la posibilidad de exportar\/importar datos hacia\/desde planillas Excel con el mecanismo de copiar y pegar hacia\/desde el portapapeles. Opcionalmente, incluye la posibilidad de dise\u00f1ar y visualizar gr\u00e1ficos y mapas con res\u00famenes de la informaci\u00f3n de planificaci\u00f3n. De esta forma, <strong>Prometeo<\/strong> no s\u00f3lo es flexible desde el punto de vista del modelado del problema de planificaci\u00f3n, sino que permite adaptar su interfaz a las necesidades de visualizaci\u00f3n de cada usuario particular.<\/big>[\/vc_column_text][\/vc_column][\/vc_row][vc_row][vc_column][vc_custom_heading text=&#8221;Versiones Actuales&#8221; use_theme_fonts=&#8221;yes&#8221; css_animation=&#8221;fadeIn&#8221;][vc_empty_space height=&#8221;60px&#8221; hide_on_desktop=&#8221;&#8221; hide_on_notebook=&#8221;&#8221; hide_on_tablet=&#8221;&#8221; hide_on_mobile=&#8221;&#8221;][vc_empty_space height=&#8221;60px&#8221; hide_on_desktop=&#8221;&#8221; hide_on_notebook=&#8221;&#8221; hide_on_tablet=&#8221;&#8221; hide_on_mobile=&#8221;&#8221;][vc_column_text]<big>A la fecha, hemos implementado las siguientes versiones particulares de <strong>Prometeo<\/strong>:<\/big><\/p>\n<p><big><strong>Prometeo<\/strong> en <a href=\"https:\/\/www.ledesma.com.ar\/\">Ledesma SAAI<\/a>: Esta versi\u00f3n est\u00e1 dise\u00f1ada espec\u00edficamente para el negocio de az\u00facar de Ledesma SAAI, incluyendo todos los pasos desde el refinado hasta el despacho a los clientes. Contempla distintas l\u00edneas de empaque, dep\u00f3sitos intermedios de az\u00facar crudo, detalles log\u00edsticos y decisiones de despacho entre los dep\u00f3sitos de la empresa. Esta versi\u00f3n de Prometeo se encuentra instalada desde 2008 en los equipos de Ledesma SAAI.<\/big><\/p>\n<p><big><strong>Prometeo<\/strong> en Zucamor: Esta versi\u00f3n contempla las particularidades de la compra, venta y fabricaci\u00f3n de papel del <a href=\"https:\/\/www.grupozucamor.com\/\">Grupo Zucamor<\/a>, incluyendo detalles de fabricaci\u00f3n y compra de papeles, demanda del mercado y de las corrugadoras del grupo, y la posibilidad de sustituir papeles por otros de calidad superior. Dentro del flujo de producci\u00f3n, se contemplan los insumos para la fabricaci\u00f3n de papel de acuerdo con el tipo de papel, generando as\u00ed un modelo completo de las decisiones de producci\u00f3n y compra de papeles.<\/big><\/p>\n<p><big><strong>Cont\u00e1ctenos!<\/strong> La uni\u00f3n de conocimiento espec\u00edfico con herramientas de optimizaci\u00f3n es la clave para llevar la planificaci\u00f3n de la producci\u00f3n a un nuevo nivel de calidad, analizando m\u00faltiples escenarios y a\u00f1adiendo valor agregado al proceso de planificaci\u00f3n.<\/big>[\/vc_column_text][vc_empty_space height=&#8221;60px&#8221; hide_on_desktop=&#8221;&#8221; hide_on_notebook=&#8221;&#8221; hide_on_tablet=&#8221;&#8221; hide_on_mobile=&#8221;&#8221;][vc_single_image image=&#8221;1007&#8243; img_size=&#8221;large&#8221;][\/vc_column][\/vc_row][vc_row][vc_column][vc_custom_heading text=&#8221;Prometeo Presente en un Congreso Internacional!&#8221; use_theme_fonts=&#8221;yes&#8221; css_animation=&#8221;fadeIn&#8221;][vc_column_text]<big>Nos alegra anunciar que la aplicaci\u00f3n de Prometeo al problema de planificaci\u00f3n de la producci\u00f3n, empaque y despacho del negocio de az\u00facar de <a href=\"https:\/\/www.ledesma.com.ar\/\">Ledesma SAAI<\/a> fue presentada en el ALIO\/INFORMS Joint International Meeting, realizado en Buenos Aires en 2010. Continuamos de esta forma con nuestra pol\u00edtica de desarrollar aplicaciones de punta, que llevan a la pr\u00e1ctica los \u00faltimos desarrollos tecnol\u00f3gicos en temas de optimizaci\u00f3n.<\/big>[\/vc_column_text][vc_empty_space height=&#8221;50&#8243; alter_height=&#8221;small&#8221; hide_on_desktop=&#8221;&#8221; hide_on_notebook=&#8221;&#8221; hide_on_tablet=&#8221;&#8221; hide_on_mobile=&#8221;&#8221;][vc_single_image image=&#8221;1009&#8243; img_size=&#8221;large&#8221;][vc_empty_space height=&#8221;50&#8243; alter_height=&#8221;small&#8221; hide_on_desktop=&#8221;&#8221; hide_on_notebook=&#8221;&#8221; hide_on_tablet=&#8221;&#8221; hide_on_mobile=&#8221;&#8221;][vc_empty_space alter_height=&#8221;small&#8221; hide_on_desktop=&#8221;&#8221; hide_on_notebook=&#8221;&#8221; hide_on_tablet=&#8221;&#8221; hide_on_mobile=&#8221;&#8221;][vc_empty_space height=&#8221;40px&#8221; alter_height=&#8221;small&#8221; hide_on_desktop=&#8221;&#8221; hide_on_notebook=&#8221;&#8221; hide_on_tablet=&#8221;&#8221; hide_on_mobile=&#8221;&#8221;][\/vc_column][\/vc_row]<\/p>\n<\/div>","protected":false},"excerpt":{"rendered":"<p>[vc_row][vc_column][vc_custom_heading text=&#8221;Prometeo &#8211; La soluci\u00f3n de avanzada para la planificaci\u00f3n de la producci\u00f3n, empaque y operaciones log\u00edsticas de productos a granel&#8221; use_theme_fonts=&#8221;yes&#8221; css_animation=&#8221;fadeIn&#8221;][vc_empty_space height=&#8221;60px&#8221;&hellip;<\/p>\n","protected":false},"author":5,"featured_media":0,"parent":0,"menu_order":0,"comment_status":"closed","ping_status":"closed","template":"","meta":{"footnotes":""},"class_list":["post-983","page","type-page","status-publish","hentry"],"_links":{"self":[{"href":"https:\/\/papyro.com\/home\/wp-json\/wp\/v2\/pages\/983","targetHints":{"allow":["GET"]}}],"collection":[{"href":"https:\/\/papyro.com\/home\/wp-json\/wp\/v2\/pages"}],"about":[{"href":"https:\/\/papyro.com\/home\/wp-json\/wp\/v2\/types\/page"}],"author":[{"embeddable":true,"href":"https:\/\/papyro.com\/home\/wp-json\/wp\/v2\/users\/5"}],"replies":[{"embeddable":true,"href":"https:\/\/papyro.com\/home\/wp-json\/wp\/v2\/comments?post=983"}],"version-history":[{"count":3,"href":"https:\/\/papyro.com\/home\/wp-json\/wp\/v2\/pages\/983\/revisions"}],"predecessor-version":[{"id":1010,"href":"https:\/\/papyro.com\/home\/wp-json\/wp\/v2\/pages\/983\/revisions\/1010"}],"wp:attachment":[{"href":"https:\/\/papyro.com\/home\/wp-json\/wp\/v2\/media?parent=983"}],"curies":[{"name":"wp","href":"https:\/\/api.w.org\/{rel}","templated":true}]}}