{"id":981,"date":"2019-05-08T10:43:52","date_gmt":"2019-05-08T10:43:52","guid":{"rendered":"https:\/\/papyro.com\/dev\/?page_id=981"},"modified":"2019-05-08T18:14:30","modified_gmt":"2019-05-08T18:14:30","slug":"pegasus","status":"publish","type":"page","link":"https:\/\/papyro.com\/home\/pegasus\/","title":{"rendered":"Pegasus"},"content":{"rendered":"<div class=\"wpb-content-wrapper\"><p>[vc_row][vc_column][vc_custom_heading text=&#8221;Pegasus &#8211; Optimizaci\u00f3n del recorrido de veh\u00edculos&#8221; use_theme_fonts=&#8221;yes&#8221; css_animation=&#8221;fadeIn&#8221;][vc_empty_space height=&#8221;60px&#8221; hide_on_desktop=&#8221;&#8221; hide_on_notebook=&#8221;&#8221; hide_on_tablet=&#8221;&#8221; hide_on_mobile=&#8221;&#8221;][vc_column_text]<big><strong>Pegasus<\/strong> es nuestra herramienta de programaci\u00f3n del ruteo de veh\u00edculos de entrega o recepci\u00f3n de mercader\u00eda, que autom\u00e1ticamente busca los recorridos \u00f3ptimos para visitar los dep\u00f3sitos de los clientes y proveedores. Interact\u00faa con sistemas de gesti\u00f3n administrativa para tomar los datos de los remitos y los lugares de entrega y, basado en modernas t\u00e9cnicas de optimizaci\u00f3n y programaci\u00f3n matem\u00e1tica, genera los recorridos \u00f3ptimos para visitar a todos los clientes.<\/big>[\/vc_column_text][\/vc_column][\/vc_row][vc_row][vc_column][vc_custom_heading text=&#8221;Caracter\u00edsticas Generales&#8221; use_theme_fonts=&#8221;yes&#8221; css_animation=&#8221;fadeIn&#8221;][vc_empty_space height=&#8221;60px&#8221; hide_on_desktop=&#8221;&#8221; hide_on_notebook=&#8221;&#8221; hide_on_tablet=&#8221;&#8221; hide_on_mobile=&#8221;&#8221;][vc_column_text]<\/p>\n<ul>\n<li><big>Muestra sobre un mapa de la ciudad las ubicaciones de los clientes y los datos de los remitos asociados, para una mejor visualizaci\u00f3n de los datos del programador. Geolocaliza autom\u00e1ticamente los remitos y permite reposicionar los lugares de entrega ante cambios en la ubicaci\u00f3n de los dep\u00f3sitos. Permite tambi\u00e9n navegar sobre el mapa e imprimir partes del mapa para ser entregados a los conductores.<\/big><\/li>\n<li><big>Permite definir horarios de entrega para cada cliente, que se respetan dentro de la programaci\u00f3n. Adem\u00e1s, se pueden especificar las entregas urgentes, que se programan al comienzo de los respectivos recorridos.<\/big><\/li>\n<li><big>Permite definir un conjunto heterog\u00e9neo de veh\u00edculos disponibles, cada uno con su capacidad en metros c\u00fabicos y toneladas, junto con un margen de seguridad. La programaci\u00f3n de la producci\u00f3n respeta los veh\u00edculos disponibles y las capacidades de cada veh\u00edculo, de modo tal que el programa de entregas resulte factible desde todo punto de vista. Se pueden especificar costos por veh\u00edculo, costos por hora y m\u00e1ximos de horas y clientes para cada recorrido.<\/big><\/li>\n<li><big><strong>Pegasus<\/strong> cuenta con un sofisticado esquema de optimizaci\u00f3n basado en programaci\u00f3n matem\u00e1tica, que en pocos segundos encuentra un conjunto de rutas que optimiza el costo total, respetando las caracter\u00edsticas de los veh\u00edculos, e intentando visitar la mayor cantidad de clientes.<\/big><\/li>\n<li><big>Cuenta con una completa interfaz para editar los recorridos manualmente, de modo tal que el usuario pueda incorporar todos los cambios que considere necesarios. Las rutas editadas se visualizan sobre el mapa, y se generan reportes para ser entregados a los conductores, de modo tal de automatizar el proceso completo de programaci\u00f3n.<\/big><\/li>\n<\/ul>\n<p>[\/vc_column_text][vc_empty_space height=&#8221;40px&#8221; alter_height=&#8221;small&#8221; hide_on_desktop=&#8221;&#8221; hide_on_notebook=&#8221;&#8221; hide_on_tablet=&#8221;&#8221; hide_on_mobile=&#8221;&#8221;][vc_single_image image=&#8221;1005&#8243; img_size=&#8221;large&#8221;][\/vc_column][\/vc_row][vc_row][vc_column][vc_custom_heading text=&#8221;Cont\u00e1ctenos!&#8221; use_theme_fonts=&#8221;yes&#8221; css_animation=&#8221;fadeIn&#8221;][vc_column_text]<big><b>Pegasus<\/b>\u00a0es una herramienta que puede adaptarse a diversos usos. Al ser un desarrollo propio (al igual que todos nuestros productos), podemos adaptar esta herramienta f\u00e1cilmente a sus necesidades, para que usted cuente con las ventajas de un producto personalizado a su medida. Puede obtener m\u00e1s informaci\u00f3n a trav\u00e9s de nuestros\u00a0canales de contacto.<\/big>[\/vc_column_text][vc_empty_space height=&#8221;40px&#8221; alter_height=&#8221;small&#8221; hide_on_desktop=&#8221;&#8221; hide_on_notebook=&#8221;&#8221; hide_on_tablet=&#8221;&#8221; hide_on_mobile=&#8221;&#8221;][\/vc_column][\/vc_row]<\/p>\n<\/div>","protected":false},"excerpt":{"rendered":"<p>[vc_row][vc_column][vc_custom_heading text=&#8221;Pegasus &#8211; Optimizaci\u00f3n del recorrido de veh\u00edculos&#8221; use_theme_fonts=&#8221;yes&#8221; css_animation=&#8221;fadeIn&#8221;][vc_empty_space height=&#8221;60px&#8221; hide_on_desktop=&#8221;&#8221; hide_on_notebook=&#8221;&#8221; hide_on_tablet=&#8221;&#8221; hide_on_mobile=&#8221;&#8221;][vc_column_text]Pegasus es nuestra herramienta de programaci\u00f3n del ruteo de veh\u00edculos&hellip;<\/p>\n","protected":false},"author":5,"featured_media":0,"parent":0,"menu_order":0,"comment_status":"closed","ping_status":"closed","template":"","meta":{"footnotes":""},"class_list":["post-981","page","type-page","status-publish","hentry"],"_links":{"self":[{"href":"https:\/\/papyro.com\/home\/wp-json\/wp\/v2\/pages\/981","targetHints":{"allow":["GET"]}}],"collection":[{"href":"https:\/\/papyro.com\/home\/wp-json\/wp\/v2\/pages"}],"about":[{"href":"https:\/\/papyro.com\/home\/wp-json\/wp\/v2\/types\/page"}],"author":[{"embeddable":true,"href":"https:\/\/papyro.com\/home\/wp-json\/wp\/v2\/users\/5"}],"replies":[{"embeddable":true,"href":"https:\/\/papyro.com\/home\/wp-json\/wp\/v2\/comments?post=981"}],"version-history":[{"count":2,"href":"https:\/\/papyro.com\/home\/wp-json\/wp\/v2\/pages\/981\/revisions"}],"predecessor-version":[{"id":1006,"href":"https:\/\/papyro.com\/home\/wp-json\/wp\/v2\/pages\/981\/revisions\/1006"}],"wp:attachment":[{"href":"https:\/\/papyro.com\/home\/wp-json\/wp\/v2\/media?parent=981"}],"curies":[{"name":"wp","href":"https:\/\/api.w.org\/{rel}","templated":true}]}}