{"id":979,"date":"2019-05-08T10:40:47","date_gmt":"2019-05-08T10:40:47","guid":{"rendered":"https:\/\/papyro.com\/dev\/?page_id=979"},"modified":"2019-05-08T12:07:35","modified_gmt":"2019-05-08T12:07:35","slug":"procusto-papel","status":"publish","type":"page","link":"https:\/\/papyro.com\/home\/procusto-papel\/","title":{"rendered":"Procusto Papel"},"content":{"rendered":"<div class=\"wpb-content-wrapper\"><p>[vc_row][vc_column][vc_custom_heading text=&#8221;Procusto Papel &#8211; La soluci\u00f3n de avanzada para la programaci\u00f3n y seguimiento de la producci\u00f3n en f\u00e1bricas de papel&#8221; use_theme_fonts=&#8221;yes&#8221; css_animation=&#8221;fadeIn&#8221;][vc_empty_space height=&#8221;60px&#8221; hide_on_desktop=&#8221;&#8221; hide_on_notebook=&#8221;&#8221; hide_on_tablet=&#8221;&#8221; hide_on_mobile=&#8221;&#8221;][vc_column_text]<big><strong>Procusto<\/strong> es una herramienta general para la resoluci\u00f3n de problemas de planificaci\u00f3n de largo plazo (planning) y programaci\u00f3n de corto plazo (scheduling) en entornos productivos. Cuenta con modernos procedimientos de resoluci\u00f3n, que han sido desarrollados especialmente para este sistema y han demostrado su eficacia en casos de uso reales. Por otra parte, el m\u00f3dulo de seguimiento de la producci\u00f3n permite llevar un registro en tiempo real del estado de la planta, integrando as\u00ed las herramientas de programaci\u00f3n con la producci\u00f3n efectiva.<\/big><\/p>\n<p><big><strong>Procusto Papel<\/strong> es nuestra herramienta de programaci\u00f3n y seguimiento de la producci\u00f3n en f\u00e1bricas de papel, que permite realizar una gesti\u00f3n integral de todo el proceso productivo, desde los pedidos hasta el despacho hacia los clientes. Se integra con Papyro para la programaci\u00f3n autom\u00e1tica de la m\u00e1quina de papel, de manera que el usuario pueda realizar la programaci\u00f3n con Papyro y seguir luego la producci\u00f3n en tiempo real.<\/big>[\/vc_column_text][\/vc_column][\/vc_row][vc_row][vc_column][vc_custom_heading text=&#8221;Caracter\u00edsticas Principales&#8221; use_theme_fonts=&#8221;yes&#8221; css_animation=&#8221;fadeIn&#8221;][vc_empty_space height=&#8221;60px&#8221; hide_on_desktop=&#8221;&#8221; hide_on_notebook=&#8221;&#8221; hide_on_tablet=&#8221;&#8221; hide_on_mobile=&#8221;&#8221;][vc_column_text]<\/p>\n<ul>\n<li><big><strong>Procusto<\/strong> permite cargar la programaci\u00f3n de la m\u00e1quina de papel, rebobinadoras y cortadoras desde una interfaz centralizada, de manera que el programador de la producci\u00f3n pueda especificar la producci\u00f3n a realizar, que es visible autom\u00e1ticamente desde las terminales a pie de m\u00e1quina. La interfaz de programaci\u00f3n informa los pedidos pendientes con sus respectivas cantidades, de modo tal de asistir apropiadamente al planificador de la producci\u00f3n.<\/big><\/li>\n<li><big><strong>Procusto<\/strong> se integra naturalmente con Papyro para la programaci\u00f3n de la m\u00e1quina de papel minimizando el scrap total. De esta forma, el programador de la producci\u00f3n tiene a su disposici\u00f3n toda la funcionalidad y potencia de Papyro, junto con la flexibilidad y posibilidad de control de<\/big><\/li>\n<li><big><strong>Procusto<\/strong> cuenta con terminales especializadas a pie de m\u00e1quina para la m\u00e1quina de papel, rebobinadoras, central de pesada, cortadoras, manejo de dep\u00f3sito y despacho. Cada terminal muestra la informaci\u00f3n relevante y permite a los encargados visualizar el programa de producci\u00f3n\/conversi\u00f3n y registrar el cumplimiento del programa. De esta forma, el programador de la producci\u00f3n puede seguir en tiempo real la producci\u00f3n y stocks en la planta.<\/big><\/li>\n<li><big><strong>Procusto<\/strong> cuenta con un mecanismo muy flexible de reprogramaci\u00f3n ante imprevistos, que permite reaccionar r\u00e1pidamente ante imprevistos y situaciones que obligan a un cambio de programaci\u00f3n. El registro de las operaciones no es estricto, permitiendo desviarse de la programaci\u00f3n a los encargados que cuenten con los permisos apropiados, informando los motivos del desv\u00edo sobre el programa original. De esta forma, si el programador de la producci\u00f3n lo habilita, los responsables de cada terminal tienen flexibilidad dentro del sistema para tomar decisiones ante la ausencia del programador.<\/big><\/li>\n<li><big><strong>Procusto<\/strong> cuenta con un completo sistema de gesti\u00f3n del dep\u00f3sito y de los despachos, permitiendo imprimir etiquetas identificatorias para cada \u00edtem dentro del dep\u00f3sito (bobinas, resmas, tortas de refile, etc.). Incluye la posibilidad de imprimir un c\u00f3digo de barras para cada bobina, de modo de acelerar las operaciones de despacho por medio de pistolas de captura.<\/big><\/li>\n<li><big><strong>Procusto<\/strong> incluye un m\u00f3dulo de reportes y res\u00famenes de informaci\u00f3n, para consultar en todo momento el detalle de las operaciones y los principales indicadores de producci\u00f3n. A pedido del usuario, es posible incluir un tablero de control configurable, que permite tener una idea de la producci\u00f3n por medio de indicadores autom\u00e1ticos, calculados en tiempo real en funci\u00f3n de los datos de producci\u00f3n.<\/big><\/li>\n<\/ul>\n<p>[\/vc_column_text][vc_single_image image=&#8221;1001&#8243; img_size=&#8221;large&#8221;][\/vc_column][\/vc_row][vc_row][vc_column][vc_custom_heading text=&#8221;Beneficios y Ventajas&#8221; use_theme_fonts=&#8221;yes&#8221; css_animation=&#8221;fadeIn&#8221;][vc_column_text]<big>La implementaci\u00f3n de un sistema de programaci\u00f3n y seguimiento de la producci\u00f3n trae aparejada gran cantidad de beneficios, tanto para el responsable de la producci\u00f3n como para los encargados y operarios en cada terminal de producci\u00f3n. Se evitan los papeles y malos entendidos, informatizando el circuito completo de producci\u00f3n.<\/big><\/p>\n<p><big>Es interesante la capacidad de obtener informaci\u00f3n a partir del registro real de la producci\u00f3n, tanto para comparar la programaci\u00f3n con la producci\u00f3n real como para obtener res\u00famenes e indicadores generales. De esta forma, se obtiene un control completo de las actividades de producci\u00f3n e informaci\u00f3n confiable para la toma de decisiones.<\/big><\/p>\n<p>&nbsp;[\/vc_column_text][vc_single_image image=&#8221;1002&#8243; img_size=&#8221;large&#8221;][vc_custom_heading text=&#8221;Cont\u00e1ctenos!&#8221; use_theme_fonts=&#8221;yes&#8221; css_animation=&#8221;fadeIn&#8221;][vc_column_text]<big>Un importante n\u00famero de empresas en Argentina y Venezuela ya disfrutan de los beneficios de la programaci\u00f3n y seguimiento de la producci\u00f3n con <strong>Procusto<\/strong>. Cont\u00e1ctenos y conozca las ventajas de esta herramienta inform\u00e1tica!<\/big>[\/vc_column_text][vc_empty_space height=&#8221;40px&#8221; alter_height=&#8221;small&#8221; hide_on_desktop=&#8221;&#8221; hide_on_notebook=&#8221;&#8221; hide_on_tablet=&#8221;&#8221; hide_on_mobile=&#8221;&#8221;][\/vc_column][\/vc_row]<\/p>\n<\/div>","protected":false},"excerpt":{"rendered":"<p>[vc_row][vc_column][vc_custom_heading text=&#8221;Procusto Papel &#8211; La soluci\u00f3n de avanzada para la programaci\u00f3n y seguimiento de la producci\u00f3n en f\u00e1bricas de papel&#8221; use_theme_fonts=&#8221;yes&#8221; css_animation=&#8221;fadeIn&#8221;][vc_empty_space height=&#8221;60px&#8221; hide_on_desktop=&#8221;&#8221;&hellip;<\/p>\n","protected":false},"author":5,"featured_media":0,"parent":0,"menu_order":0,"comment_status":"closed","ping_status":"closed","template":"","meta":{"footnotes":""},"class_list":["post-979","page","type-page","status-publish","hentry"],"_links":{"self":[{"href":"https:\/\/papyro.com\/home\/wp-json\/wp\/v2\/pages\/979","targetHints":{"allow":["GET"]}}],"collection":[{"href":"https:\/\/papyro.com\/home\/wp-json\/wp\/v2\/pages"}],"about":[{"href":"https:\/\/papyro.com\/home\/wp-json\/wp\/v2\/types\/page"}],"author":[{"embeddable":true,"href":"https:\/\/papyro.com\/home\/wp-json\/wp\/v2\/users\/5"}],"replies":[{"embeddable":true,"href":"https:\/\/papyro.com\/home\/wp-json\/wp\/v2\/comments?post=979"}],"version-history":[{"count":3,"href":"https:\/\/papyro.com\/home\/wp-json\/wp\/v2\/pages\/979\/revisions"}],"predecessor-version":[{"id":1004,"href":"https:\/\/papyro.com\/home\/wp-json\/wp\/v2\/pages\/979\/revisions\/1004"}],"wp:attachment":[{"href":"https:\/\/papyro.com\/home\/wp-json\/wp\/v2\/media?parent=979"}],"curies":[{"name":"wp","href":"https:\/\/api.w.org\/{rel}","templated":true}]}}