{"id":882,"date":"2019-05-06T18:55:49","date_gmt":"2019-05-06T18:55:49","guid":{"rendered":"https:\/\/papyro.com\/dev\/?page_id=882"},"modified":"2019-05-08T10:08:08","modified_gmt":"2019-05-08T10:08:08","slug":"pandora","status":"publish","type":"page","link":"https:\/\/papyro.com\/home\/pandora\/","title":{"rendered":"Pandora"},"content":{"rendered":"<div class=\"wpb-content-wrapper\"><p>[vc_row][vc_column][vc_custom_heading text=&#8221;Pandora &#8211; Nuestra potente herramienta la programaci\u00f3n de la producci\u00f3n de cajas de cart\u00f3n corrugado&#8221; use_theme_fonts=&#8221;yes&#8221; css_animation=&#8221;fadeIn&#8221;][vc_empty_space height=&#8221;60px&#8221; hide_on_desktop=&#8221;&#8221; hide_on_notebook=&#8221;&#8221; hide_on_tablet=&#8221;&#8221; hide_on_mobile=&#8221;&#8221;][vc_column_text]<big><b>Pandora\u00a0<\/b>es nuestra herramienta para la programaci\u00f3n de cajas de cart\u00f3n corrugado. Usted especifica los pedidos que debe producir, y\u00a0<b>Pandora<\/b>\u00a0obtiene autom\u00e1ticamente el plan de producci\u00f3n que logra el menor desperdicio. Lo invitamos a descubrir en esta p\u00e1gina las principales caracter\u00edsticas de\u00a0<b>Pandora<\/b>, que hacen de este desarrollo uno de los productos l\u00edderes para la programaci\u00f3n de corrugadoras.<\/big>[\/vc_column_text][\/vc_column][\/vc_row][vc_row][vc_column][vc_custom_heading text=&#8221;Caracter\u00edsticas Generales&#8221; use_theme_fonts=&#8221;yes&#8221; css_animation=&#8221;fadeIn&#8221;][vc_empty_space height=&#8221;60px&#8221; hide_on_desktop=&#8221;&#8221; hide_on_notebook=&#8221;&#8221; hide_on_tablet=&#8221;&#8221; hide_on_mobile=&#8221;&#8221;][vc_column_text]<big>El objetivo principal de <strong>Pandora<\/strong> es asistir al programador de la producci\u00f3n de una corrugadora en su tarea diaria de programaci\u00f3n. El programador carga o importa desde otro sistema los pedidos que se deben realizar, y <strong>Pandora<\/strong> busca el plan de producci\u00f3n que minimiza el scrap, de acuerdo a las condiciones especificadas. Las t\u00e9cnicas matem\u00e1ticas que utiliza Pandora permiten asegurar que el programa de producci\u00f3n que presenta <strong>Pandora<\/strong> es el mejor posible, es decir, no se puede realizar la producci\u00f3n de esos pedidos con un desperdicio menor.<\/big><\/p>\n<p><big><strong>Pandora<\/strong> permite secuenciar la producci\u00f3n! Usted puede especificar los plazos de entrega para cada producto, y <strong>Pandora<\/strong> se encarga de buscar la forma de realizar la producci\u00f3n de modo tal de cumplir con estos plazos. De esta forma, se transforma en su mejor aliado a la hora de brindar la mejor imagen frente a sus clientes. Estas caracter\u00edsticas, propias de un sistema de planificaci\u00f3n industrial, est\u00e1n incluidas en <strong>Pandora<\/strong> sin costo adicional.<\/big><\/p>\n<p><big><strong>Pandora<\/strong> le permite tener distintos ambientes de resoluci\u00f3n, y m\u00e1s de una m\u00e1quina para la producci\u00f3n. Al igual que con Papyro, usted puede tener muchas \u00f3rdenes de producci\u00f3n, ambientes y soluciones al mismo tiempo, para analizar y comparar las ventajas de cada uno, redundando en un gran beneficio para el programador de la producci\u00f3n.<\/big><\/p>\n<p><big><strong>Pandora<\/strong> permite cargar los pedidos de dos formas distintas: por una parte, se pueden especificar las dimensiones de las planchas rectangulares a cortar, y por otra parte, es posible indicar directamente las medidas de las cajas a producir. De esta forma, no es necesario calcular las dimensiones de las planchas a cortar, sino que <strong>Pandora<\/strong> las calcula autom\u00e1ticamente a partir del modelo y las dimensiones de la caja. Cuenta con una completa base de datos de dise\u00f1os de cajas, que permite editar los distintos modelos e incorporar nuevos dise\u00f1os, si fuera necesario.<\/big><\/p>\n<p><big><strong>Pandora<\/strong> incluye el manejo de papeles y corrugados como parte del proceso de resoluci\u00f3n. El programa de producci\u00f3n que se obtiene con <strong>Pandora<\/strong> tiene en cuenta el stock disponible de cada tipo de papel, y los corrugados posibles que se pueden formar para cumplir con cada pedido. No es necesario decidir de antemano qu\u00e9 combinaci\u00f3n de papeles se utilizar\u00e1 para cada pedido: s\u00f3lo debe indicarle a <strong>Pandora<\/strong> las posibles opciones para cada pedido, y <strong>Pandora<\/strong> se encarga de buscar las combinaciones de papeles que permitan cumplir con todos los pedidos, utilizando los papeles disponibles. Cuenta con una interface muy flexible para definir o importar desde otro sistema los posibles corrugados.<\/big><\/p>\n<p>&nbsp;[\/vc_column_text][vc_single_image image=&#8221;956&#8243; img_size=&#8221;large&#8221;][\/vc_column][\/vc_row][vc_row][vc_column][vc_custom_heading text=&#8221;Detalles T\u00e9cnicos&#8221; use_theme_fonts=&#8221;yes&#8221; css_animation=&#8221;fadeIn&#8221;][vc_column_text]<big>Adem\u00e1s de las caracter\u00edsticas b\u00e1sicas, Pandora cuenta con una serie de detalles que lo transforman en un completo asistente del programador de la producci\u00f3n.<\/big><\/p>\n<ul>\n<li><big>Contempla los marcadores para el posterior plegado de las planchas. En base al modelo de la caja, Pandora indica autom\u00e1ticamente las posiciones de los marcadores junto con el plan de producci\u00f3n.<\/big><\/li>\n<li><big>Si el usuario lo permite, contempla la producci\u00f3n de planchas rotadas, con lo cual es posible obtener programas de producci\u00f3n con desperdicios a\u00fan menores. Cuando se permite la rotaci\u00f3n, se pueden especificar tolerancias inferiores para producir pedidos rotados.<\/big><\/li>\n<li><big>Permite especificar tolerancias en las dimensiones de la plancha, y en la cantidad de planchas a producir. En caso de que sea posible contemplar peque\u00f1as variaciones en las dimensiones de las planchas, esta opci\u00f3n permite disminuir el scrap global del programa de cortes.<\/big><\/li>\n<li><big>El manejo de los papeles y los corrugados es un punto distintivo de Pandora. Se pueden definir clases de papeles con gran flexibilidad, que se utilizan luego en la especificaci\u00f3n de los corrugados. Adem\u00e1s, es posible agrupar varios tipos de corrugados en una misma clase, brindando gran flexibilidad para el manejo de estos datos. Permite definir corrugados de dos, tres, cuatro y cinco papeles.<\/big><\/li>\n<\/ul>\n<p>[\/vc_column_text][vc_empty_space height=&#8221;50&#8243; alter_height=&#8221;small&#8221; hide_on_desktop=&#8221;&#8221; hide_on_notebook=&#8221;&#8221; hide_on_tablet=&#8221;&#8221; hide_on_mobile=&#8221;&#8221;][vc_single_image image=&#8221;958&#8243; img_size=&#8221;large&#8221;][vc_empty_space height=&#8221;50&#8243; alter_height=&#8221;small&#8221; hide_on_desktop=&#8221;&#8221; hide_on_notebook=&#8221;&#8221; hide_on_tablet=&#8221;&#8221; hide_on_mobile=&#8221;&#8221;][vc_single_image image=&#8221;958&#8243; img_size=&#8221;large&#8221;][vc_empty_space alter_height=&#8221;small&#8221; hide_on_desktop=&#8221;&#8221; hide_on_notebook=&#8221;&#8221; hide_on_tablet=&#8221;&#8221; hide_on_mobile=&#8221;&#8221;][vc_column_text]<\/p>\n<ul>\n<li><big>Pandora cuenta con una poderosa interfaz para importar datos desde otros sistemas, y para exportar los programas de cortes generados hacia otra aplicaci\u00f3n. No es necesario modificar el sistema que est\u00e1 usando actualmente, y tampoco es necesario realizar cambios en Pandora, dado que permite especificar el formato de los archivos o tablas de datos, tomando luego los datos directamente desde estos archivos.<\/big><\/li>\n<li><big>Contempla corrugadoras con una, dos y tres cuchillas volteadoras. Adem\u00e1s, tiene en cuenta las aletas angostas para realizar las combinaciones, evitando que dos planchas con aletas angostas est\u00e9n juntas en el programa de cortes.<\/big><\/li>\n<\/ul>\n<p>[\/vc_column_text][vc_custom_heading text=&#8221;Cont\u00e1ctenos!&#8221; use_theme_fonts=&#8221;yes&#8221; css_animation=&#8221;fadeIn&#8221;][vc_column_text]<big>Con Pandora, usted ahorra desde el primer d\u00eda y puede recuperar su inversi\u00f3n en muy poco tiempo. Adem\u00e1s, contar\u00e1 con el soporte t\u00e9cnico de profesionales que lo ayudar\u00e1n ante imprevistos y lo guiar\u00e1n para obtener el m\u00e1ximo rendimiento del sistema. Cont\u00e1ctenos, y tenga la posibilidad de probar le Pandora sin cargo! Para hacer esta prueba no es necesario instalar software en sus equipos, puede probar Pandora en nuestros servidores, con nuestra asistencia.<\/big>[\/vc_column_text][vc_empty_space height=&#8221;40px&#8221; alter_height=&#8221;small&#8221; hide_on_desktop=&#8221;&#8221; hide_on_notebook=&#8221;&#8221; hide_on_tablet=&#8221;&#8221; hide_on_mobile=&#8221;&#8221;][\/vc_column][\/vc_row]<\/p>\n<\/div>","protected":false},"excerpt":{"rendered":"<p>[vc_row][vc_column][vc_custom_heading text=&#8221;Pandora &#8211; Nuestra potente herramienta la programaci\u00f3n de la producci\u00f3n de cajas de cart\u00f3n corrugado&#8221; use_theme_fonts=&#8221;yes&#8221; css_animation=&#8221;fadeIn&#8221;][vc_empty_space height=&#8221;60px&#8221; hide_on_desktop=&#8221;&#8221; hide_on_notebook=&#8221;&#8221; hide_on_tablet=&#8221;&#8221; hide_on_mobile=&#8221;&#8221;][vc_column_text]Pandora\u00a0es nuestra&hellip;<\/p>\n","protected":false},"author":5,"featured_media":0,"parent":0,"menu_order":0,"comment_status":"closed","ping_status":"closed","template":"","meta":{"footnotes":""},"class_list":["post-882","page","type-page","status-publish","hentry"],"_links":{"self":[{"href":"https:\/\/papyro.com\/home\/wp-json\/wp\/v2\/pages\/882","targetHints":{"allow":["GET"]}}],"collection":[{"href":"https:\/\/papyro.com\/home\/wp-json\/wp\/v2\/pages"}],"about":[{"href":"https:\/\/papyro.com\/home\/wp-json\/wp\/v2\/types\/page"}],"author":[{"embeddable":true,"href":"https:\/\/papyro.com\/home\/wp-json\/wp\/v2\/users\/5"}],"replies":[{"embeddable":true,"href":"https:\/\/papyro.com\/home\/wp-json\/wp\/v2\/comments?post=882"}],"version-history":[{"count":14,"href":"https:\/\/papyro.com\/home\/wp-json\/wp\/v2\/pages\/882\/revisions"}],"predecessor-version":[{"id":8486,"href":"https:\/\/papyro.com\/home\/wp-json\/wp\/v2\/pages\/882\/revisions\/8486"}],"wp:attachment":[{"href":"https:\/\/papyro.com\/home\/wp-json\/wp\/v2\/media?parent=882"}],"curies":[{"name":"wp","href":"https:\/\/api.w.org\/{rel}","templated":true}]}}