{"id":845,"date":"2019-05-03T20:32:04","date_gmt":"2019-05-03T20:32:04","guid":{"rendered":"https:\/\/papyro.com\/dev\/?page_id=845"},"modified":"2023-07-21T12:45:55","modified_gmt":"2023-07-21T12:45:55","slug":"soporte","status":"publish","type":"page","link":"https:\/\/papyro.com\/home\/soporte\/","title":{"rendered":"Soporte"},"content":{"rendered":"<div class=\"wpb-content-wrapper\"><p>[vc_row][vc_column][vc_custom_heading text=&#8221;Soporte T\u00e9cnico&#8221; font_container=&#8221;tag:h2|text_align:left|color:%230a0a0a&#8221; use_theme_fonts=&#8221;yes&#8221; css_animation=&#8221;fadeIn&#8221; css=&#8221;.vc_custom_1557307664040{background-size: contain !important;}&#8221;][vc_column_text]<big>Nuestro servicio de soporte t\u00e9cnico se encuentra dedicado permanentemente a la atenci\u00f3n de nuestros clientes. Nuestro objetivo es brindar un servicio r\u00e1pido y eficiente, dando respuesta a todas las consultas de los usuarios. Tanto si usted es cliente como si est\u00e1 probando alguno de nuestros productos, puede obtener soporte t\u00e9cnico por cualquiera de las siguientes v\u00edas:<\/big><\/p>\n<ul>\n<li><big>Telef\u00f3nicamente o por Whatsapp, a nuestras l\u00edneas <strong>+54 9 11 5565-3491 | +52 56 1478-2626.<\/strong><\/big><\/li>\n<li><big>Por mail, a <strong>soporte@papyro.com<\/strong><\/big><\/li>\n<li><big>Si usted estuvo en contacto con alguno de nuestros representantes de ventas o con alg\u00fan miembro del equipo de desarrollo, recomendamos contactarlo en forma directa, para obtener atenci\u00f3n personalizada.<\/big><\/li>\n<\/ul>\n<p><big>Recuerde que si usted ya se encuentra registrado como cliente puede acceder a nuestros video tutoriales <a href=\"https:\/\/papyro.com\/dev\/tutoriales\/\">aqu\u00ed<\/a><\/big><br \/>\n[\/vc_column_text][vc_separator color=&#8221;green&#8221; align=&#8221;align_left&#8221; border_width=&#8221;2&#8243; el_width=&#8221;50&#8243;][\/vc_column][\/vc_row][vc_row][vc_column][\/vc_column][\/vc_row]<\/p>\n<\/div>","protected":false},"excerpt":{"rendered":"<p>[vc_row][vc_column][vc_custom_heading text=&#8221;Soporte T\u00e9cnico&#8221; font_container=&#8221;tag:h2|text_align:left|color:%230a0a0a&#8221; use_theme_fonts=&#8221;yes&#8221; css_animation=&#8221;fadeIn&#8221; css=&#8221;.vc_custom_1557307664040{background-size: contain !important;}&#8221;][vc_column_text]Nuestro servicio de soporte t\u00e9cnico se encuentra dedicado permanentemente a la atenci\u00f3n de nuestros clientes. Nuestro&hellip;<\/p>\n","protected":false},"author":5,"featured_media":0,"parent":0,"menu_order":0,"comment_status":"closed","ping_status":"closed","template":"","meta":{"footnotes":""},"class_list":["post-845","page","type-page","status-publish","hentry"],"_links":{"self":[{"href":"https:\/\/papyro.com\/home\/wp-json\/wp\/v2\/pages\/845","targetHints":{"allow":["GET"]}}],"collection":[{"href":"https:\/\/papyro.com\/home\/wp-json\/wp\/v2\/pages"}],"about":[{"href":"https:\/\/papyro.com\/home\/wp-json\/wp\/v2\/types\/page"}],"author":[{"embeddable":true,"href":"https:\/\/papyro.com\/home\/wp-json\/wp\/v2\/users\/5"}],"replies":[{"embeddable":true,"href":"https:\/\/papyro.com\/home\/wp-json\/wp\/v2\/comments?post=845"}],"version-history":[{"count":8,"href":"https:\/\/papyro.com\/home\/wp-json\/wp\/v2\/pages\/845\/revisions"}],"predecessor-version":[{"id":1208,"href":"https:\/\/papyro.com\/home\/wp-json\/wp\/v2\/pages\/845\/revisions\/1208"}],"wp:attachment":[{"href":"https:\/\/papyro.com\/home\/wp-json\/wp\/v2\/media?parent=845"}],"curies":[{"name":"wp","href":"https:\/\/api.w.org\/{rel}","templated":true}]}}