{"id":841,"date":"2019-05-03T20:30:49","date_gmt":"2019-05-03T20:30:49","guid":{"rendered":"https:\/\/papyro.com\/dev\/?page_id=841"},"modified":"2019-05-07T14:12:27","modified_gmt":"2019-05-07T14:12:27","slug":"la-empresa","status":"publish","type":"page","link":"https:\/\/papyro.com\/home\/la-empresa\/","title":{"rendered":"La Empresa"},"content":{"rendered":"<div class=\"wpb-content-wrapper\"><p>[vc_row][vc_column][vc_custom_heading text=&#8221;Qui\u00e9nes Somos&#8221; font_container=&#8221;tag:h2|text_align:left|color:%230a0a0a&#8221; use_theme_fonts=&#8221;yes&#8221; css_animation=&#8221;fadeIn&#8221; css=&#8221;.vc_custom_1557237678906{background-size: contain !important;}&#8221;][vc_column_text]<big><strong>Braier &amp; Asociados Consultores\u00a0<\/strong>es una empresa dedicada desde hace 25 a\u00f1os al desarrollo de aplicaciones y servicios de consultor\u00eda en temas de planificaci\u00f3n y seguimiento de la producci\u00f3n, y de manejo de recursos naturales. Nuestra \u00e1rea de especializaci\u00f3n es la optimizaci\u00f3n, en sus aplicaciones al sector del corrugado, el papel y de la forestaci\u00f3n. Contamos con un equipo multidisciplinario dirigido por profesionales en sistemas que han desarrollado especializaciones en el exterior de nuestro pa\u00eds y capacitado para la resoluci\u00f3n de las m\u00e1s variadas problem\u00e1ticas y necesidades planteadas por las empresas.<\/big>[\/vc_column_text][vc_custom_heading text=&#8221;Nuestra Misi\u00f3n&#8221; font_container=&#8221;tag:h2|text_align:left|color:%230a0a0a&#8221; use_theme_fonts=&#8221;yes&#8221; css_animation=&#8221;fadeIn&#8221; css=&#8221;.vc_custom_1557237726700{background-size: contain !important;}&#8221;][vc_column_text]<big>Nuestra misi\u00f3n es el desarrollo de sistemas de informaci\u00f3n y planificaci\u00f3n industrial y de manejo de recursos naturales con el objeto de generar informaci\u00f3n confiable y segmentada en todo momento. Buscamos que la optimizaci\u00f3n se transforme en una herramienta de uso diario en las empresas nacionales y latinoamericanas, para contribuir a la mejora de la productividad y al mejor aprovechamiento de los recursos.<\/big><\/p>\n<p><big>El 40% del papel que se fabrica en la Argentina est\u00e1 programado con\u00a0Papyro, una herramienta que permite minimizar el scrap en la din\u00e1mica programaci\u00f3n de la producci\u00f3n papelera. Un porcentaje creciente, tambi\u00e9n, comienza a utilizar Pandora para lograr igual resultado con las cajas de cart\u00f3n corrugado.\u00a0<\/big><\/p>\n<p><big>El 50% de la pulpa fabricada en la Argentina est\u00e1 programada con\u00a0Sabvia, una herramienta de an\u00e1lisis para el planeamiento forestal a mediano y largo plazo que permite observar la relaci\u00f3n entre los distintos factores involucrados.<\/big><\/p>\n<p><big>Los desarrollos realizados y utilizados por un gran n\u00famero de empresas argentinas y latinoamericanas han generado ahorros por millones de d\u00f3lares anuales.<\/big>[\/vc_column_text][vc_custom_heading text=&#8221;\u00bfHacia qui\u00e9nes est\u00e1 orientada nuestra actividad?&#8221; font_container=&#8221;tag:h2|text_align:left|color:%230a0a0a&#8221; use_theme_fonts=&#8221;yes&#8221; css_animation=&#8221;fadeIn&#8221; css=&#8221;.vc_custom_1557237766909{background-size: contain !important;}&#8221;][vc_column_text]<big>Entre nuestros clientes se encuentran organismos estatales y empresas argentinas y latinoamericanas que cubren un amplio espectro del sector industrial y comercial. Desde empresas de gran envergadura hasta peque\u00f1os emprendimientos son usuarios de nuestros sistemas y cuentan d\u00eda a d\u00eda con las potentes herramientas matem\u00e1ticas que ponemos en sus manos.<\/big><\/p>\n<p><big>Esta tecnolog\u00eda est\u00e1 al alcance de todas las empresas, y que cualquier emprendimiento productivo puede hacer uso de estas t\u00e9cnicas para mejorar su funcionamiento.<\/big><\/p>\n<p><big>Cont\u00e1ctenos! Usted puede sumarse al conjunto de empresas que disfrutan de las ventajas de realizar la planificaci\u00f3n y organizaci\u00f3n de sus tareas en forma automatizada, reduciendo costos y mejorando la productividad. Si usted piensa que los recursos de su empresa podr\u00edan aprovecharse mejor, es posible que nosotros podamos ayudarlo. Lo estamos esperando!<\/big><\/p>\n<p><big>Cordialmente,<\/big><\/p>\n<p><big>El equipo de Braier &amp; Asociados Consultores.<\/big>[\/vc_column_text][vc_separator color=&#8221;green&#8221; align=&#8221;align_left&#8221; border_width=&#8221;2&#8243; el_width=&#8221;50&#8243;][\/vc_column][\/vc_row][vc_row][vc_column][\/vc_column][\/vc_row]<\/p>\n<\/div>","protected":false},"excerpt":{"rendered":"<p>[vc_row][vc_column][vc_custom_heading text=&#8221;Qui\u00e9nes Somos&#8221; font_container=&#8221;tag:h2|text_align:left|color:%230a0a0a&#8221; use_theme_fonts=&#8221;yes&#8221; css_animation=&#8221;fadeIn&#8221; css=&#8221;.vc_custom_1557237678906{background-size: contain !important;}&#8221;][vc_column_text]Braier &amp; Asociados Consultores\u00a0es una empresa dedicada desde hace 25 a\u00f1os al desarrollo de aplicaciones y&hellip;<\/p>\n","protected":false},"author":5,"featured_media":0,"parent":0,"menu_order":0,"comment_status":"closed","ping_status":"closed","template":"","meta":{"footnotes":""},"class_list":["post-841","page","type-page","status-publish","hentry"],"_links":{"self":[{"href":"https:\/\/papyro.com\/home\/wp-json\/wp\/v2\/pages\/841","targetHints":{"allow":["GET"]}}],"collection":[{"href":"https:\/\/papyro.com\/home\/wp-json\/wp\/v2\/pages"}],"about":[{"href":"https:\/\/papyro.com\/home\/wp-json\/wp\/v2\/types\/page"}],"author":[{"embeddable":true,"href":"https:\/\/papyro.com\/home\/wp-json\/wp\/v2\/users\/5"}],"replies":[{"embeddable":true,"href":"https:\/\/papyro.com\/home\/wp-json\/wp\/v2\/comments?post=841"}],"version-history":[{"count":17,"href":"https:\/\/papyro.com\/home\/wp-json\/wp\/v2\/pages\/841\/revisions"}],"predecessor-version":[{"id":939,"href":"https:\/\/papyro.com\/home\/wp-json\/wp\/v2\/pages\/841\/revisions\/939"}],"wp:attachment":[{"href":"https:\/\/papyro.com\/home\/wp-json\/wp\/v2\/media?parent=841"}],"curies":[{"name":"wp","href":"https:\/\/api.w.org\/{rel}","templated":true}]}}